{"id":1402,"date":"2014-10-30T11:01:16","date_gmt":"2014-10-30T11:01:16","guid":{"rendered":"https:\/\/lazarka.de\/?page_id=1402"},"modified":"2015-01-19T17:06:08","modified_gmt":"2015-01-19T17:06:08","slug":"%d0%bf%d1%80%d0%be%d0%b3%d1%80%d0%b0%d0%bc%d0%b0-%d0%b8-%d1%83%d1%81%d0%bb%d1%83%d0%b3%d0%b8-2","status":"publish","type":"page","link":"https:\/\/lazarka.de\/?page_id=1402","title":{"rendered":"Programm und Angebot"},"content":{"rendered":"<h2>Programm Tanzensembles \u201eLazarka\u201c <\/h2>\n<p>Das Tanzensemble \u201eLazarka\u201c bietet ein Programm, das je nach Bedarf zwischen 5 bis 60 Minuten dauert und von 4 bis 40 T\u00e4nzern pr\u00e4sentiert wird. \u201eLazarka\u201c pr\u00e4sentiert T\u00e4nze aus den verschiedenen Regionen Bulgariens in originalen Trachten. Sie k\u00f6nnen uns f\u00fcr Feste mit internationalem Programm, Folklore-Festivals, Firmenfeiern, private Partys etc. buchen.<\/p>\n<p>&nbsp;<\/p>\n<div class=\"bgbox\">\n<h2>Repertoire<\/h2>\n<p>Das Repertoire des Tanzensembles \u201eLazarka\u201c beinhaltet T\u00e4nze aus den verschiedenen Regionen Bulgariens, die in den charakteristischen Trachten der einzelnen Regionen vorgef\u00fchrt werden.<\/p>\n<h4>Region Thrakien<\/h4>\n<p>&#8222;Kopanica Suite&#8220;, &#8222;Trakijski Tanc&#8220;, &#8222;M\u00e2\u017eka Trakijska R\u00e2\u010denica&#8220;, &#8222;\u01c5inovsko&#8220;, &#8222;\u017denska Trakijska R\u00e2\u010denica&#8220;<\/p>\n<h4>Region Dobrud\u017ea<\/h4>\n<p>&#8222;Varnenski Igri&#8220;, &#8222;Koledari&#8220;, &#8222;Dobrud\u017eanski Tanc&#8220;, &#8222;Zadjavka&#8220; \u2013 Solotanz, &#8222;Varnenski Tanc&#8220;.<\/p>\n<h4>Region Nordbulgarien<\/h4>\n<p>&#8222;Dunavsko Horo&#8220;, &#8222;Balkand\u017eijsko Horo&#8220;, &#8222;\u0160ira&#8220; (Krajdunavski)<\/p>\n<h4>Region \u0160opluk<\/h4>\n<p>&#8222;\u0160opska Kopanica&#8220;, &#8222;Dulap\u010dijska R\u00e2\u010denica&#8220;, &#8222;Lazarski Tanc&#8220;, &#8222;\u0160opski Tanc&#8220;, &#8222;\u0160opsko Horo&#8220;.<\/p>\n<\/div>\n<p>&nbsp;<\/p>\n<div class=\"bgbox\">\n<h2>Originale Trachten<\/h2>\n<p>Sch\u00f6ne und farbenpr\u00e4chtige Trachten aus den verschiedenen ethnographischen Gebieten Bulgariens betonen nochmal das reiche Kulturerbe.<\/p>\n<p>&nbsp;<\/p>\n<div class=\"cols-wrapper cols-3\">\n<div class=\"col\">\n<p><img loading=\"lazy\" decoding=\"async\" class=\"alignleft size-medium wp-image-1085\" src=\"https:\/\/lazarka.de\/wp-content\/uploads\/2014\/05\/silvena-202x300.png\" alt=\"silvena\" width=\"202\" height=\"300\" srcset=\"https:\/\/lazarka.de\/wp-content\/uploads\/2014\/05\/silvena-202x300.png 202w, https:\/\/lazarka.de\/wp-content\/uploads\/2014\/05\/silvena.png 541w\" sizes=\"auto, (max-width: 202px) 100vw, 202px\" \/><\/p>\n<\/div>\n<div class=\"col\">\u00a0<img loading=\"lazy\" decoding=\"async\" class=\"alignleft size-medium wp-image-1051\" src=\"https:\/\/lazarka.de\/wp-content\/uploads\/2014\/08\/sashoZori-172x300.png\" alt=\"sashoZori\" width=\"172\" height=\"300\" srcset=\"https:\/\/lazarka.de\/wp-content\/uploads\/2014\/08\/sashoZori-172x300.png 172w, https:\/\/lazarka.de\/wp-content\/uploads\/2014\/08\/sashoZori.png 574w\" sizes=\"auto, (max-width: 172px) 100vw, 172px\" \/><\/div>\n<div class=\"col nomargin\">\u00a0<img loading=\"lazy\" decoding=\"async\" class=\"alignleft wp-image-1059 size-medium\" src=\"https:\/\/lazarka.de\/wp-content\/uploads\/2014\/08\/vanq-168x300.png\" alt=\"vanq\" width=\"168\" height=\"300\" srcset=\"https:\/\/lazarka.de\/wp-content\/uploads\/2014\/08\/vanq-168x300.png 168w, https:\/\/lazarka.de\/wp-content\/uploads\/2014\/08\/vanq.png 449w\" sizes=\"auto, (max-width: 168px) 100vw, 168px\" \/><\/div>\n<\/div>\n<\/div>\n<p>&nbsp;<\/p>\n<p>&nbsp;<\/p>\n<p>&nbsp;<\/p>\n<p>&nbsp;<\/p>\n","protected":false},"excerpt":{"rendered":"<p>Programm Tanzensembles \u201eLazarka\u201c Das Tanzensemble \u201eLazarka\u201c bietet ein Programm, das je nach Bedarf zwischen 5 bis 60 Minuten dauert und [&hellip;]<\/p>\n","protected":false},"author":1,"featured_media":0,"parent":0,"menu_order":0,"comment_status":"open","ping_status":"open","template":"","meta":{"footnotes":""},"class_list":["post-1402","page","type-page","status-publish","hentry"],"_links":{"self":[{"href":"https:\/\/lazarka.de\/index.php?rest_route=\/wp\/v2\/pages\/1402","targetHints":{"allow":["GET"]}}],"collection":[{"href":"https:\/\/lazarka.de\/index.php?rest_route=\/wp\/v2\/pages"}],"about":[{"href":"https:\/\/lazarka.de\/index.php?rest_route=\/wp\/v2\/types\/page"}],"author":[{"embeddable":true,"href":"https:\/\/lazarka.de\/index.php?rest_route=\/wp\/v2\/users\/1"}],"replies":[{"embeddable":true,"href":"https:\/\/lazarka.de\/index.php?rest_route=%2Fwp%2Fv2%2Fcomments&post=1402"}],"version-history":[{"count":4,"href":"https:\/\/lazarka.de\/index.php?rest_route=\/wp\/v2\/pages\/1402\/revisions"}],"predecessor-version":[{"id":1880,"href":"https:\/\/lazarka.de\/index.php?rest_route=\/wp\/v2\/pages\/1402\/revisions\/1880"}],"wp:attachment":[{"href":"https:\/\/lazarka.de\/index.php?rest_route=%2Fwp%2Fv2%2Fmedia&parent=1402"}],"curies":[{"name":"wp","href":"https:\/\/api.w.org\/{rel}","templated":true}]}}