{"id":1403,"date":"2014-10-30T11:01:20","date_gmt":"2014-10-30T11:01:20","guid":{"rendered":"https:\/\/lazarka.de\/?page_id=1403"},"modified":"2015-02-03T11:33:06","modified_gmt":"2015-02-03T11:33:06","slug":"%d0%be%d1%80%d0%b3%d0%bd%d0%b8%d0%b7%d0%b0%d1%86%d0%b8%d1%8f-%d1%81-%d0%b8%d0%b4%d0%b5%d0%b0%d0%bb%d0%bd%d0%b0-%d1%86%d0%b5%d0%bb-%d0%bb%d0%b0%d0%b7%d0%b0%d1%80%d0%ba%d0%b0-2","status":"publish","type":"page","link":"https:\/\/lazarka.de\/?page_id=1403","title":{"rendered":"Verein &#8222;Lazarka&#8220;"},"content":{"rendered":"<h1>Verein &#8222;Lazarka&#8220;<\/h1>\n<div class=\"bgbox\">\n<h3>Zweck des Vereins<\/h3>\n<p>Der eingetragene Verein \u201eLazarka\u201c wurde 1991 gegr\u00fcndet und mit der Nummer 14537 im Vereinsregister der Stadt M\u00fcnchen eingetragen.<\/p>\n<ul class=\"bullet_arrow2 imglist\">\n<li>F\u00f6rderung kultureller Zwecke, insbesondere im Bereich von bulgarischem Tanz und Gesang sowie Trachten<\/li>\n<li>Aus\u00fcbung von Tanz, Trachtenpflege und Gesang<\/li>\n<li>Abhalten eines geregelten Trainingsbetriebes<\/li>\n<li>Durchf\u00fchrung von Lehrg\u00e4ngen und Seminaren<\/li>\n<li>Zusammenarbeit und Kulturaustausch mit Tanzkreisen sowie Volkstanzgruppen, Volks-Ch\u00f6ren  und -orchestern, z.B. im Rahmen gemeinsamer kultureller Veranstaltungen<\/li>\n<li>Zusammenarbeit mit staatlichen und kommunalen Stellen<\/li>\n<li>Kulturaustausch mit ausl\u00e4ndischen Gruppen<\/li>\n<\/ul>\n<\/div>\n<p>&nbsp;<\/p>\n<div class=\"bgbox\">\n<h3>Vorstand<\/h3>\n<p>1. Vorsitzender Plamen Petkov<br \/>\n2. Vorsitzende Boyana Vetter \u2013 Organisation<br \/>\n3. Vorsitzende Milena Petkova \u2013 Tanzleitung<br \/>\nSchatzmeister Stefan Fodor<br \/>\nSchriftf\u00fchrerin Pavlina Androvska<\/p>\n<\/div>\n<p>&nbsp;<\/p>\n<div class=\"bgbox\">\n<h3>Projekte<\/h3>\n<ul class=\"bullet_arrow2 imglist\">\n<li>Organisation der Bulgarischen Folklore-Festivals in M\u00fcnchen 1995, 2000, 2004, 2008, 2013<\/li>\n<li>aktive Mitarbeit bei der Kn\u00fcpfung eines Netzes von Organisationen im Jahr 2013<\/li>\n<li>Teilnahme an der Organisation des Tages der bulgarischen Kultur in der Seidlvilla im September 2008.<\/li>\n<li>Vortrag zum Thema \u201eTrachten in den verschiedenen Folkore-Regionen Bulgariens\u201c &#8211; Deutsch Bulgarische Vereinigung in Bayern e.V. \u2013 11.12.2012<\/li>\n<li>Organisation der Jubil\u00e4en der Tanzgruppe Lazarka in den Jahren 1996, 2001 und 2011<\/li>\n<li>Kurse f\u00fcr Folklore-T\u00e4nze in M\u00fcnchen<\/li>\n<li>Teilnahme an der durch die Vizepr\u00e4sidentin der Republik Bulgarien Margarita Popova durchgef\u00fchrten Diskussion bez\u00fcglich der Vorbereitung des geplanten Gesetzes f\u00fcr die Bulgaren im Ausland \u2013 im April 2013 in M\u00fcnchen und im Dezember 2013 in Sofia.<\/li>\n<li>Organisation des Spektakels von Kamen Donev: \u201eKamen Donev \u00fcber die Kunst der Folklore\u201c am 18.10.2014 in M\u00fcnchen<\/li>\n<\/ul>\n<\/div>\n","protected":false},"excerpt":{"rendered":"<p>Verein &#8222;Lazarka&#8220; Zweck des Vereins Der eingetragene Verein \u201eLazarka\u201c wurde 1991 gegr\u00fcndet und mit der Nummer 14537 im Vereinsregister der [&hellip;]<\/p>\n","protected":false},"author":1,"featured_media":0,"parent":0,"menu_order":0,"comment_status":"open","ping_status":"open","template":"","meta":{"footnotes":""},"class_list":["post-1403","page","type-page","status-publish","hentry"],"_links":{"self":[{"href":"https:\/\/lazarka.de\/index.php?rest_route=\/wp\/v2\/pages\/1403","targetHints":{"allow":["GET"]}}],"collection":[{"href":"https:\/\/lazarka.de\/index.php?rest_route=\/wp\/v2\/pages"}],"about":[{"href":"https:\/\/lazarka.de\/index.php?rest_route=\/wp\/v2\/types\/page"}],"author":[{"embeddable":true,"href":"https:\/\/lazarka.de\/index.php?rest_route=\/wp\/v2\/users\/1"}],"replies":[{"embeddable":true,"href":"https:\/\/lazarka.de\/index.php?rest_route=%2Fwp%2Fv2%2Fcomments&post=1403"}],"version-history":[{"count":11,"href":"https:\/\/lazarka.de\/index.php?rest_route=\/wp\/v2\/pages\/1403\/revisions"}],"predecessor-version":[{"id":2010,"href":"https:\/\/lazarka.de\/index.php?rest_route=\/wp\/v2\/pages\/1403\/revisions\/2010"}],"wp:attachment":[{"href":"https:\/\/lazarka.de\/index.php?rest_route=%2Fwp%2Fv2%2Fmedia&parent=1403"}],"curies":[{"name":"wp","href":"https:\/\/api.w.org\/{rel}","templated":true}]}}