{"id":1415,"date":"2014-10-30T11:01:55","date_gmt":"2014-10-30T11:01:55","guid":{"rendered":"https:\/\/lazarka.de\/?page_id=1415"},"modified":"2014-10-30T15:47:23","modified_gmt":"2014-10-30T15:47:23","slug":"%d0%b8%d0%bc%d0%bf%d1%80%d0%b5%d1%81%d1%83%d0%bc-2","status":"publish","type":"page","link":"https:\/\/lazarka.de\/?page_id=1415","title":{"rendered":"Impressum"},"content":{"rendered":"<p>Lazarka e.V., eingetragen im Vereinsregister M\u00fcnchen, Nr. 14537<\/p>\n<p>1. Vorsitzender Plamen Petkov<\/p>\n<p>Unertlstra\u00dfe 33, 80803 M\u00fcnchen<\/p>\n<p>Tel.: 0160\/6422344<\/p>\n","protected":false},"excerpt":{"rendered":"<p>Lazarka e.V., eingetragen im Vereinsregister M\u00fcnchen, Nr. 14537 1. Vorsitzender Plamen Petkov Unertlstra\u00dfe 33, 80803 M\u00fcnchen Tel.: 0160\/6422344<\/p>\n","protected":false},"author":1,"featured_media":0,"parent":0,"menu_order":0,"comment_status":"open","ping_status":"open","template":"","meta":{"footnotes":""},"class_list":["post-1415","page","type-page","status-publish","hentry"],"_links":{"self":[{"href":"https:\/\/lazarka.de\/index.php?rest_route=\/wp\/v2\/pages\/1415","targetHints":{"allow":["GET"]}}],"collection":[{"href":"https:\/\/lazarka.de\/index.php?rest_route=\/wp\/v2\/pages"}],"about":[{"href":"https:\/\/lazarka.de\/index.php?rest_route=\/wp\/v2\/types\/page"}],"author":[{"embeddable":true,"href":"https:\/\/lazarka.de\/index.php?rest_route=\/wp\/v2\/users\/1"}],"replies":[{"embeddable":true,"href":"https:\/\/lazarka.de\/index.php?rest_route=%2Fwp%2Fv2%2Fcomments&post=1415"}],"version-history":[{"count":2,"href":"https:\/\/lazarka.de\/index.php?rest_route=\/wp\/v2\/pages\/1415\/revisions"}],"predecessor-version":[{"id":1461,"href":"https:\/\/lazarka.de\/index.php?rest_route=\/wp\/v2\/pages\/1415\/revisions\/1461"}],"wp:attachment":[{"href":"https:\/\/lazarka.de\/index.php?rest_route=%2Fwp%2Fv2%2Fmedia&parent=1415"}],"curies":[{"name":"wp","href":"https:\/\/api.w.org\/{rel}","templated":true}]}}