{"id":2925,"date":"2026-02-08T22:24:53","date_gmt":"2026-02-08T22:24:53","guid":{"rendered":"https:\/\/lazarka.de\/?page_id=2925"},"modified":"2026-04-03T13:17:42","modified_gmt":"2026-04-03T13:17:42","slug":"spenden","status":"publish","type":"page","link":"https:\/\/lazarka.de\/?page_id=2925","title":{"rendered":"Spenden"},"content":{"rendered":"<h4>Werden Sie F\u00f6rderer des 11. Festivals \u201eAuf dem Dorfplatz des anderen Bulgariens\u201c!<\/h4>\n<p><span style=\"color: #000000;\">Die Organisation unseres dreit\u00e4gigen Festivals erfordert viel Engagement und Ressourcen. Ihre Unterst\u00fctzung ist f\u00fcr uns von gro\u00dfer Bedeutung. Werden Sie F\u00f6rderer und helfen Sie mit, das Festival zu einem unvergesslichen Erlebnis f\u00fcr alle Teilnehmer zu machen.<\/span><\/p>\n<p><span style=\"color: #000000;\">Wie Sie spenden k\u00f6nnen:<\/span><\/p>\n<ul>\n<li>Konto-Inhaber: LAZARKA e.V.<\/li>\n<li>IBAN: DE157007 0362 0088 0484 00<\/li>\n<li>BIC: DEUTDEMMP16<\/li>\n<li>Verwendungszweck: Spende f\u00fcr Auf dem Dorfplatz des anderen Bulgariens<\/li>\n<\/ul>\n<p><span style=\"color: #000000;\">Alternativ k\u00f6nnen Sie den folgenden QR-Code in Ihrem Banking-App scannen:<\/span><\/p>\n<p><a href=\"https:\/\/lazarka.de\/wp-content\/uploads\/2026\/02\/darenie2.png\"><img loading=\"lazy\" decoding=\"async\" class=\"aligncenter size-full wp-image-2943\" src=\"https:\/\/lazarka.de\/wp-content\/uploads\/2026\/02\/darenie2.png\" alt=\"\" width=\"300\" height=\"300\" srcset=\"https:\/\/lazarka.de\/wp-content\/uploads\/2026\/02\/darenie2.png 300w, https:\/\/lazarka.de\/wp-content\/uploads\/2026\/02\/darenie2-150x150.png 150w\" sizes=\"auto, (max-width: 300px) 100vw, 300px\" \/><\/a><\/p>\n<p><span style=\"color: #000000;\">Jede Spende z\u00e4hlt \u2013 wir danken Ihnen herzlich f\u00fcr Ihre Gro\u00dfz\u00fcgigkeit! <\/span><\/p>\n<p><span style=\"color: #000000;\">F\u00fcr weitere Informationen oder f\u00fcr die Ausstellung einer Spendenquittung, kontaktieren Sie uns unter <strong>falazarka.munich@gmail.com<\/strong><\/span><\/p>\n","protected":false},"excerpt":{"rendered":"<p>Werden Sie F\u00f6rderer des 11. Festivals \u201eAuf dem Dorfplatz des anderen Bulgariens\u201c! Die Organisation unseres dreit\u00e4gigen Festivals erfordert viel Engagement [&hellip;]<\/p>\n","protected":false},"author":1,"featured_media":0,"parent":0,"menu_order":0,"comment_status":"closed","ping_status":"closed","template":"","meta":{"footnotes":""},"class_list":["post-2925","page","type-page","status-publish","hentry"],"_links":{"self":[{"href":"https:\/\/lazarka.de\/index.php?rest_route=\/wp\/v2\/pages\/2925","targetHints":{"allow":["GET"]}}],"collection":[{"href":"https:\/\/lazarka.de\/index.php?rest_route=\/wp\/v2\/pages"}],"about":[{"href":"https:\/\/lazarka.de\/index.php?rest_route=\/wp\/v2\/types\/page"}],"author":[{"embeddable":true,"href":"https:\/\/lazarka.de\/index.php?rest_route=\/wp\/v2\/users\/1"}],"replies":[{"embeddable":true,"href":"https:\/\/lazarka.de\/index.php?rest_route=%2Fwp%2Fv2%2Fcomments&post=2925"}],"version-history":[{"count":7,"href":"https:\/\/lazarka.de\/index.php?rest_route=\/wp\/v2\/pages\/2925\/revisions"}],"predecessor-version":[{"id":3006,"href":"https:\/\/lazarka.de\/index.php?rest_route=\/wp\/v2\/pages\/2925\/revisions\/3006"}],"wp:attachment":[{"href":"https:\/\/lazarka.de\/index.php?rest_route=%2Fwp%2Fv2%2Fmedia&parent=2925"}],"curies":[{"name":"wp","href":"https:\/\/api.w.org\/{rel}","templated":true}]}}